{"id":12,"date":"2023-07-04T06:18:13","date_gmt":"2023-07-04T06:18:13","guid":{"rendered":"https:\/\/www.agorahukuk.com.tr\/?page_id=12"},"modified":"2023-10-06T06:44:14","modified_gmt":"2023-10-06T06:44:14","slug":"about","status":"publish","type":"page","link":"https:\/\/www.agorahukuk.com.tr\/index.php\/about\/","title":{"rendered":"Hakk\u0131m\u0131zda"},"content":{"rendered":"\n<div class=\"wp-block-columns is-layout-flex wp-container-core-columns-is-layout-9d6595d7 wp-block-columns-is-layout-flex\">\n<div class=\"wp-block-column is-layout-flow wp-block-column-is-layout-flow\">\n<p class=\"has-text-align-left\">Agora Hukuk B\u00fcrosu, \u00fc\u00e7 arkada\u015f\u0131n fak\u00fclte s\u0131ralar\u0131ndan beri var olan hayalini ger\u00e7ekle\u015ftirmesinin somut kar\u015f\u0131l\u0131\u011f\u0131 olarak fak\u00fclte g\u00fcnlerinde sahip oldu\u011fu heyecan\u0131n\u0131 kaybetmeden her ge\u00e7en g\u00fcn bilgi ve tecr\u00fcbe birikiminin art\u0131rmaya ve m\u00fcvekkillerine hukuki destek ve dan\u0131\u015fmanl\u0131k sa\u011flayarak g\u00fc\u00e7 katmaya devam etmektedir. Bu nedenle m\u00fcvekkillerinin \u00e7al\u0131\u015ft\u0131\u011f\u0131 sekt\u00f6rleri yak\u0131ndan takip eden Agora Hukuk, ayn\u0131 zamanda sekt\u00f6r\u00fc devaml\u0131 olarak takip ederek m\u00fcvekkilleri lehine her zaman en g\u00fcncel olan\u0131n pe\u015finden gitmektedir. <\/p>\n\n\n\n<p>Agora Hukuk, farkl\u0131 alanlarda faaliyet g\u00f6steren ger\u00e7ek ve t\u00fczel ki\u015fi m\u00fcvekkillerine \u00f6ncelikle T\u00fcrk Hukuku&#8217;nun her alan\u0131nda hukuki dan\u0131\u015fmanl\u0131k, ara\u015ft\u0131rma, geli\u015ftirme ve raporlama hizmetleri sunmaktad\u0131r.<\/p>\n<\/div>\n<\/div>\n\n\n\n<h2 class=\"wp-block-heading\">Kurucular<\/h2>\n\n\n\n<h3 class=\"wp-block-heading\">Av. \u0130smail Keser <\/h3>\n\n\n\n<h3 class=\"wp-block-heading\">Av. Ali O\u011fuzhan Temel <\/h3>\n\n\n\n<h3 class=\"wp-block-heading\">Av. B\u00fc\u015fra T\u00fcrky\u0131lmaz<\/h3>\n\n\n\n<p><\/p>\n","protected":false},"excerpt":{"rendered":"<p>Agora Hukuk B\u00fcrosu, \u00fc\u00e7 arkada\u015f\u0131n fak\u00fclte s\u0131ralar\u0131ndan beri var olan hayalini ger\u00e7ekle\u015ftirmesinin somut kar\u015f\u0131l\u0131\u011f\u0131 olarak fak\u00fclte g\u00fcnlerinde sahip oldu\u011fu heyecan\u0131n\u0131 kaybetmeden her ge\u00e7en g\u00fcn bilgi ve tecr\u00fcbe birikiminin art\u0131rmaya ve m\u00fcvekkillerine hukuki destek ve dan\u0131\u015fmanl\u0131k sa\u011flayarak g\u00fc\u00e7 katmaya devam etmektedir. Bu nedenle m\u00fcvekkillerinin \u00e7al\u0131\u015ft\u0131\u011f\u0131 sekt\u00f6rleri yak\u0131ndan takip eden Agora Hukuk, ayn\u0131 zamanda sekt\u00f6r\u00fc devaml\u0131 olarak &#8230; <a title=\"Hakk\u0131m\u0131zda\" class=\"read-more\" href=\"https:\/\/www.agorahukuk.com.tr\/index.php\/about\/\" aria-label=\"Read more about Hakk\u0131m\u0131zda\">Devam\u0131n\u0131 oku<\/a><\/p>\n","protected":false},"author":2,"featured_media":0,"parent":0,"menu_order":0,"comment_status":"closed","ping_status":"closed","template":"","meta":{"footnotes":""},"class_list":["post-12","page","type-page","status-publish"],"_links":{"self":[{"href":"https:\/\/www.agorahukuk.com.tr\/index.php\/wp-json\/wp\/v2\/pages\/12","targetHints":{"allow":["GET"]}}],"collection":[{"href":"https:\/\/www.agorahukuk.com.tr\/index.php\/wp-json\/wp\/v2\/pages"}],"about":[{"href":"https:\/\/www.agorahukuk.com.tr\/index.php\/wp-json\/wp\/v2\/types\/page"}],"author":[{"embeddable":true,"href":"https:\/\/www.agorahukuk.com.tr\/index.php\/wp-json\/wp\/v2\/users\/2"}],"replies":[{"embeddable":true,"href":"https:\/\/www.agorahukuk.com.tr\/index.php\/wp-json\/wp\/v2\/comments?post=12"}],"version-history":[{"count":8,"href":"https:\/\/www.agorahukuk.com.tr\/index.php\/wp-json\/wp\/v2\/pages\/12\/revisions"}],"predecessor-version":[{"id":193,"href":"https:\/\/www.agorahukuk.com.tr\/index.php\/wp-json\/wp\/v2\/pages\/12\/revisions\/193"}],"wp:attachment":[{"href":"https:\/\/www.agorahukuk.com.tr\/index.php\/wp-json\/wp\/v2\/media?parent=12"}],"curies":[{"name":"wp","href":"https:\/\/api.w.org\/{rel}","templated":true}]}}