{"id":14,"date":"2023-07-04T06:18:13","date_gmt":"2023-07-04T06:18:13","guid":{"rendered":"https:\/\/www.agorahukuk.com.tr\/?page_id=14"},"modified":"2023-09-12T10:45:55","modified_gmt":"2023-09-12T10:45:55","slug":"contact","status":"publish","type":"page","link":"https:\/\/www.agorahukuk.com.tr\/index.php\/contact\/","title":{"rendered":"\u0130leti\u015fim"},"content":{"rendered":"\n<div class=\"wp-block-columns is-layout-flex wp-container-core-columns-is-layout-9d6595d7 wp-block-columns-is-layout-flex\">\n<div class=\"wp-block-column is-layout-flow wp-block-column-is-layout-flow\">\n<h5 class=\"wp-block-heading\"><strong>Av.\u0130smail Keser<\/strong><\/h5>\n\n\n\n<p>0531 912 6124<\/p>\n\n\n\n<p>av.ismailkeser@gmail.com<\/p>\n\n\n\n<div class=\"wp-block-columns is-layout-flex wp-container-core-columns-is-layout-9d6595d7 wp-block-columns-is-layout-flex\">\n<div class=\"wp-block-column is-layout-flow wp-block-column-is-layout-flow\">\n<h5 class=\"wp-block-heading\"><strong>Av.B\u00fc\u015fra T\u00fcrky\u0131lmaz<\/strong><\/h5>\n\n\n\n<p>0553 569 6257<\/p>\n\n\n\n<p>av.busraturkyilmaz@gmail.com<\/p>\n<\/div>\n<\/div>\n<\/div>\n\n\n\n<div class=\"wp-block-column is-layout-flow wp-block-column-is-layout-flow\">\n<h5 class=\"wp-block-heading has-text-align-left\"><strong>Av.Ali O\u011fuzhan Temel<\/strong><\/h5>\n\n\n\n<p>0507 840 8439<\/p>\n\n\n\n<p>ali.temel1@outlook.com<\/p>\n<\/div>\n<\/div>\n\n\n\n<h5 class=\"wp-block-heading has-text-align-left\"><strong>Adres<\/strong><\/h5>\n\n\n\n<p>\u00c7\u0131nar Mah. Fatih Cad. No:1\/23 Kat:1 Daire:110 \u00c7i\u00e7ek Plaza Bornova\/\u0130zmir<\/p>\n\n\n\n<iframe src=\"https:\/\/www.google.com\/maps\/embed?pb=!1m18!1m12!1m3!1d3125.0207886682674!2d27.177905076411474!3d38.44098877350433!2m3!1f0!2f0!3f0!3m2!1i1024!2i768!4f13.1!3m3!1m2!1s0x14b962a2166749b5%3A0x60ac2c751a83568a!2zw4dpw6dlayBQbGF6YQ!5e0!3m2!1str!2str!4v1689231814563!5m2!1str!2str\" width=\"600\" height=\"450\" style=\"border:0;\" allowfullscreen=\"\" loading=\"lazy\" referrerpolicy=\"no-referrer-when-downgrade\"><\/iframe>\n","protected":false},"excerpt":{"rendered":"<p>Av.\u0130smail Keser 0531 912 6124 av.ismailkeser@gmail.com Av.B\u00fc\u015fra T\u00fcrky\u0131lmaz 0553 569 6257 av.busraturkyilmaz@gmail.com Av.Ali O\u011fuzhan Temel 0507 840 8439 ali.temel1@outlook.com Adres \u00c7\u0131nar Mah. Fatih Cad. No:1\/23 Kat:1 Daire:110 \u00c7i\u00e7ek Plaza Bornova\/\u0130zmir<\/p>\n","protected":false},"author":2,"featured_media":0,"parent":0,"menu_order":0,"comment_status":"closed","ping_status":"closed","template":"","meta":{"footnotes":""},"class_list":["post-14","page","type-page","status-publish"],"_links":{"self":[{"href":"https:\/\/www.agorahukuk.com.tr\/index.php\/wp-json\/wp\/v2\/pages\/14","targetHints":{"allow":["GET"]}}],"collection":[{"href":"https:\/\/www.agorahukuk.com.tr\/index.php\/wp-json\/wp\/v2\/pages"}],"about":[{"href":"https:\/\/www.agorahukuk.com.tr\/index.php\/wp-json\/wp\/v2\/types\/page"}],"author":[{"embeddable":true,"href":"https:\/\/www.agorahukuk.com.tr\/index.php\/wp-json\/wp\/v2\/users\/2"}],"replies":[{"embeddable":true,"href":"https:\/\/www.agorahukuk.com.tr\/index.php\/wp-json\/wp\/v2\/comments?post=14"}],"version-history":[{"count":11,"href":"https:\/\/www.agorahukuk.com.tr\/index.php\/wp-json\/wp\/v2\/pages\/14\/revisions"}],"predecessor-version":[{"id":181,"href":"https:\/\/www.agorahukuk.com.tr\/index.php\/wp-json\/wp\/v2\/pages\/14\/revisions\/181"}],"wp:attachment":[{"href":"https:\/\/www.agorahukuk.com.tr\/index.php\/wp-json\/wp\/v2\/media?parent=14"}],"curies":[{"name":"wp","href":"https:\/\/api.w.org\/{rel}","templated":true}]}}