{"id":61,"date":"2023-07-13T07:28:55","date_gmt":"2023-07-13T07:28:55","guid":{"rendered":"https:\/\/www.agorahukuk.com.tr\/?page_id=61"},"modified":"2023-07-18T05:37:59","modified_gmt":"2023-07-18T05:37:59","slug":"calisma-alanlari","status":"publish","type":"page","link":"https:\/\/www.agorahukuk.com.tr\/index.php\/calisma-alanlari\/","title":{"rendered":"\u00c7al\u0131\u015fma Alanlar\u0131"},"content":{"rendered":"\n<div class=\"wp-block-columns is-layout-flex wp-container-core-columns-is-layout-9d6595d7 wp-block-columns-is-layout-flex\">\n<div class=\"wp-block-column is-layout-flow wp-block-column-is-layout-flow\">\n<figure class=\"wp-block-image size-full\"><img loading=\"lazy\" decoding=\"async\" width=\"640\" height=\"360\" src=\"https:\/\/www.agorahukuk.com.tr\/wp-content\/uploads\/2023\/07\/image-8.png\" alt=\"\" class=\"wp-image-74\" srcset=\"https:\/\/www.agorahukuk.com.tr\/wp-content\/uploads\/2023\/07\/image-8.png 640w, https:\/\/www.agorahukuk.com.tr\/wp-content\/uploads\/2023\/07\/image-8-300x169.png 300w\" sizes=\"auto, (max-width: 640px) 100vw, 640px\" \/><\/figure>\n\n\n\n<h2 class=\"wp-block-heading has-text-align-center has-medium-font-size\"><strong>Kira Hukuku<\/strong><\/h2>\n<\/div>\n\n\n\n<div class=\"wp-block-column is-layout-flow wp-block-column-is-layout-flow\">\n<figure class=\"wp-block-image size-full\"><img loading=\"lazy\" decoding=\"async\" width=\"640\" height=\"360\" src=\"https:\/\/www.agorahukuk.com.tr\/wp-content\/uploads\/2023\/07\/image-7.png\" alt=\"\" class=\"wp-image-73\" srcset=\"https:\/\/www.agorahukuk.com.tr\/wp-content\/uploads\/2023\/07\/image-7.png 640w, https:\/\/www.agorahukuk.com.tr\/wp-content\/uploads\/2023\/07\/image-7-300x169.png 300w\" sizes=\"auto, (max-width: 640px) 100vw, 640px\" \/><\/figure>\n\n\n\n<h2 class=\"wp-block-heading has-text-align-center has-medium-font-size\"><strong>Aile Hukuku<\/strong><\/h2>\n<\/div>\n\n\n\n<div class=\"wp-block-column is-layout-flow wp-block-column-is-layout-flow\">\n<figure class=\"wp-block-image size-full\"><img loading=\"lazy\" decoding=\"async\" width=\"640\" height=\"360\" src=\"https:\/\/www.agorahukuk.com.tr\/wp-content\/uploads\/2023\/07\/image-9.png\" alt=\"\" class=\"wp-image-75\" srcset=\"https:\/\/www.agorahukuk.com.tr\/wp-content\/uploads\/2023\/07\/image-9.png 640w, https:\/\/www.agorahukuk.com.tr\/wp-content\/uploads\/2023\/07\/image-9-300x169.png 300w\" sizes=\"auto, (max-width: 640px) 100vw, 640px\" \/><\/figure>\n\n\n\n<h2 class=\"wp-block-heading has-text-align-center has-medium-font-size\"><strong>Ceza Hukuku<\/strong><\/h2>\n<\/div>\n<\/div>\n\n\n\n<div class=\"wp-block-columns is-layout-flex wp-container-core-columns-is-layout-9d6595d7 wp-block-columns-is-layout-flex\">\n<div class=\"wp-block-column is-layout-flow wp-block-column-is-layout-flow\">\n<figure class=\"wp-block-image size-full\"><img loading=\"lazy\" decoding=\"async\" width=\"640\" height=\"360\" src=\"https:\/\/www.agorahukuk.com.tr\/wp-content\/uploads\/2023\/07\/image-10.png\" alt=\"\" class=\"wp-image-76\" srcset=\"https:\/\/www.agorahukuk.com.tr\/wp-content\/uploads\/2023\/07\/image-10.png 640w, https:\/\/www.agorahukuk.com.tr\/wp-content\/uploads\/2023\/07\/image-10-300x169.png 300w\" sizes=\"auto, (max-width: 640px) 100vw, 640px\" \/><\/figure>\n\n\n\n<h2 class=\"wp-block-heading has-text-align-center has-medium-font-size\"><strong>\u0130dare ve Vergi Hukuku<\/strong><\/h2>\n<\/div>\n\n\n\n<div class=\"wp-block-column is-layout-flow wp-block-column-is-layout-flow\">\n<figure class=\"wp-block-image size-full\"><img loading=\"lazy\" decoding=\"async\" width=\"640\" height=\"360\" src=\"https:\/\/www.agorahukuk.com.tr\/wp-content\/uploads\/2023\/07\/image-11.png\" alt=\"\" class=\"wp-image-77\" srcset=\"https:\/\/www.agorahukuk.com.tr\/wp-content\/uploads\/2023\/07\/image-11.png 640w, https:\/\/www.agorahukuk.com.tr\/wp-content\/uploads\/2023\/07\/image-11-300x169.png 300w\" sizes=\"auto, (max-width: 640px) 100vw, 640px\" \/><\/figure>\n\n\n\n<h2 class=\"wp-block-heading has-text-align-center has-medium-font-size\"><strong>\u0130cra ve \u0130flas Hukuku<\/strong><\/h2>\n<\/div>\n\n\n\n<div class=\"wp-block-column is-layout-flow wp-block-column-is-layout-flow\">\n<figure class=\"wp-block-image size-full\"><img loading=\"lazy\" decoding=\"async\" width=\"640\" height=\"360\" src=\"https:\/\/www.agorahukuk.com.tr\/wp-content\/uploads\/2023\/07\/Duzenlenmis-miras.jpg\" alt=\"\" class=\"wp-image-79\" srcset=\"https:\/\/www.agorahukuk.com.tr\/wp-content\/uploads\/2023\/07\/Duzenlenmis-miras.jpg 640w, https:\/\/www.agorahukuk.com.tr\/wp-content\/uploads\/2023\/07\/Duzenlenmis-miras-300x169.jpg 300w\" sizes=\"auto, (max-width: 640px) 100vw, 640px\" \/><\/figure>\n\n\n\n<h2 class=\"wp-block-heading has-text-align-center has-medium-font-size\"><strong>Miras Hukuku<\/strong><\/h2>\n<\/div>\n<\/div>\n\n\n\n<div class=\"wp-block-columns is-layout-flex wp-container-core-columns-is-layout-9d6595d7 wp-block-columns-is-layout-flex\">\n<div class=\"wp-block-column is-layout-flow wp-block-column-is-layout-flow\">\n<figure class=\"wp-block-image size-full\"><img loading=\"lazy\" decoding=\"async\" width=\"640\" height=\"360\" src=\"https:\/\/www.agorahukuk.com.tr\/wp-content\/uploads\/2023\/07\/kamulastirma-duzenlenmis.jpg\" alt=\"\" class=\"wp-image-80\" srcset=\"https:\/\/www.agorahukuk.com.tr\/wp-content\/uploads\/2023\/07\/kamulastirma-duzenlenmis.jpg 640w, https:\/\/www.agorahukuk.com.tr\/wp-content\/uploads\/2023\/07\/kamulastirma-duzenlenmis-300x169.jpg 300w\" sizes=\"auto, (max-width: 640px) 100vw, 640px\" \/><\/figure>\n\n\n\n<h2 class=\"wp-block-heading has-text-align-center has-medium-font-size\"><strong>Kamula\u015ft\u0131rma Hukuku<\/strong><\/h2>\n<\/div>\n\n\n\n<div class=\"wp-block-column is-layout-flow wp-block-column-is-layout-flow\">\n<figure class=\"wp-block-image size-full\"><img loading=\"lazy\" decoding=\"async\" width=\"640\" height=\"360\" src=\"https:\/\/www.agorahukuk.com.tr\/wp-content\/uploads\/2023\/07\/bursa-gayrimenkul-hukuku-duzenlenmis.jpg\" alt=\"\" class=\"wp-image-81\" srcset=\"https:\/\/www.agorahukuk.com.tr\/wp-content\/uploads\/2023\/07\/bursa-gayrimenkul-hukuku-duzenlenmis.jpg 640w, https:\/\/www.agorahukuk.com.tr\/wp-content\/uploads\/2023\/07\/bursa-gayrimenkul-hukuku-duzenlenmis-300x169.jpg 300w\" sizes=\"auto, (max-width: 640px) 100vw, 640px\" \/><\/figure>\n\n\n\n<h2 class=\"wp-block-heading has-text-align-center has-medium-font-size\"><strong>Gayrimenkul Hukuku<\/strong><\/h2>\n<\/div>\n\n\n\n<div class=\"wp-block-column is-layout-flow wp-block-column-is-layout-flow\">\n<figure class=\"wp-block-image size-full\"><img loading=\"lazy\" decoding=\"async\" width=\"640\" height=\"360\" src=\"https:\/\/www.agorahukuk.com.tr\/wp-content\/uploads\/2023\/07\/image-12.png\" alt=\"\" class=\"wp-image-82\" srcset=\"https:\/\/www.agorahukuk.com.tr\/wp-content\/uploads\/2023\/07\/image-12.png 640w, https:\/\/www.agorahukuk.com.tr\/wp-content\/uploads\/2023\/07\/image-12-300x169.png 300w\" sizes=\"auto, (max-width: 640px) 100vw, 640px\" \/><\/figure>\n\n\n\n<h2 class=\"wp-block-heading has-text-align-center has-medium-font-size\"><strong>Ticari \u0130\u015fletme Hukuku<\/strong><\/h2>\n<\/div>\n<\/div>\n\n\n\n<div class=\"wp-block-columns is-layout-flex wp-container-core-columns-is-layout-9d6595d7 wp-block-columns-is-layout-flex\">\n<div class=\"wp-block-column is-layout-flow wp-block-column-is-layout-flow\">\n<figure class=\"wp-block-image size-full\"><img loading=\"lazy\" decoding=\"async\" width=\"640\" height=\"360\" src=\"https:\/\/www.agorahukuk.com.tr\/wp-content\/uploads\/2023\/07\/Is-Hukuku-duzenlenmis.jpg\" alt=\"\" class=\"wp-image-83\" srcset=\"https:\/\/www.agorahukuk.com.tr\/wp-content\/uploads\/2023\/07\/Is-Hukuku-duzenlenmis.jpg 640w, https:\/\/www.agorahukuk.com.tr\/wp-content\/uploads\/2023\/07\/Is-Hukuku-duzenlenmis-300x169.jpg 300w\" sizes=\"auto, (max-width: 640px) 100vw, 640px\" \/><\/figure>\n\n\n\n<h2 class=\"wp-block-heading has-text-align-center has-medium-font-size\"><strong>\u0130\u015f Hukuku<\/strong><\/h2>\n<\/div>\n\n\n\n<div class=\"wp-block-column is-layout-flow wp-block-column-is-layout-flow\">\n<figure class=\"wp-block-image size-full\"><img loading=\"lazy\" decoding=\"async\" width=\"640\" height=\"360\" src=\"https:\/\/www.agorahukuk.com.tr\/wp-content\/uploads\/2023\/07\/saglik-hukuku-duzenlenmis.jpg\" alt=\"\" class=\"wp-image-84\" srcset=\"https:\/\/www.agorahukuk.com.tr\/wp-content\/uploads\/2023\/07\/saglik-hukuku-duzenlenmis.jpg 640w, https:\/\/www.agorahukuk.com.tr\/wp-content\/uploads\/2023\/07\/saglik-hukuku-duzenlenmis-300x169.jpg 300w\" sizes=\"auto, (max-width: 640px) 100vw, 640px\" \/><\/figure>\n\n\n\n<h2 class=\"wp-block-heading has-text-align-center has-medium-font-size\"><strong>Sa\u011fl\u0131k Hukuku<\/strong><\/h2>\n<\/div>\n\n\n\n<div class=\"wp-block-column is-layout-flow wp-block-column-is-layout-flow\">\n<figure class=\"wp-block-image size-full\"><img loading=\"lazy\" decoding=\"async\" width=\"640\" height=\"360\" src=\"https:\/\/www.agorahukuk.com.tr\/wp-content\/uploads\/2023\/07\/a.jpg\" alt=\"\" class=\"wp-image-86\" srcset=\"https:\/\/www.agorahukuk.com.tr\/wp-content\/uploads\/2023\/07\/a.jpg 640w, https:\/\/www.agorahukuk.com.tr\/wp-content\/uploads\/2023\/07\/a-300x169.jpg 300w\" sizes=\"auto, (max-width: 640px) 100vw, 640px\" \/><\/figure>\n\n\n\n<h2 class=\"wp-block-heading has-text-align-center has-medium-font-size\"><strong>S\u00f6zle\u015fmeler Hukuku<\/strong><\/h2>\n<\/div>\n<\/div>\n\n\n\n<div class=\"wp-block-columns is-layout-flex wp-container-core-columns-is-layout-9d6595d7 wp-block-columns-is-layout-flex\">\n<div class=\"wp-block-column is-layout-flow wp-block-column-is-layout-flow\"><\/div>\n\n\n\n<div class=\"wp-block-column is-layout-flow wp-block-column-is-layout-flow\">\n<figure class=\"wp-block-image size-full\"><img loading=\"lazy\" decoding=\"async\" width=\"640\" height=\"360\" src=\"https:\/\/www.agorahukuk.com.tr\/wp-content\/uploads\/2023\/07\/b-1.jpg\" alt=\"\" class=\"wp-image-92\" srcset=\"https:\/\/www.agorahukuk.com.tr\/wp-content\/uploads\/2023\/07\/b-1.jpg 640w, https:\/\/www.agorahukuk.com.tr\/wp-content\/uploads\/2023\/07\/b-1-300x169.jpg 300w\" sizes=\"auto, (max-width: 640px) 100vw, 640px\" \/><\/figure>\n\n\n\n<h2 class=\"wp-block-heading has-text-align-center has-medium-font-size\"><strong>Tazminat Hukuku<\/strong><\/h2>\n<\/div>\n\n\n\n<div class=\"wp-block-column is-layout-flow wp-block-column-is-layout-flow\"><\/div>\n<\/div>\n","protected":false},"excerpt":{"rendered":"<p>Kira Hukuku Aile Hukuku Ceza Hukuku \u0130dare ve Vergi Hukuku \u0130cra ve \u0130flas Hukuku Miras Hukuku Kamula\u015ft\u0131rma Hukuku Gayrimenkul Hukuku Ticari \u0130\u015fletme Hukuku \u0130\u015f Hukuku Sa\u011fl\u0131k Hukuku S\u00f6zle\u015fmeler Hukuku Tazminat Hukuku<\/p>\n","protected":false},"author":2,"featured_media":0,"parent":0,"menu_order":0,"comment_status":"closed","ping_status":"closed","template":"","meta":{"footnotes":""},"class_list":["post-61","page","type-page","status-publish"],"_links":{"self":[{"href":"https:\/\/www.agorahukuk.com.tr\/index.php\/wp-json\/wp\/v2\/pages\/61","targetHints":{"allow":["GET"]}}],"collection":[{"href":"https:\/\/www.agorahukuk.com.tr\/index.php\/wp-json\/wp\/v2\/pages"}],"about":[{"href":"https:\/\/www.agorahukuk.com.tr\/index.php\/wp-json\/wp\/v2\/types\/page"}],"author":[{"embeddable":true,"href":"https:\/\/www.agorahukuk.com.tr\/index.php\/wp-json\/wp\/v2\/users\/2"}],"replies":[{"embeddable":true,"href":"https:\/\/www.agorahukuk.com.tr\/index.php\/wp-json\/wp\/v2\/comments?post=61"}],"version-history":[{"count":6,"href":"https:\/\/www.agorahukuk.com.tr\/index.php\/wp-json\/wp\/v2\/pages\/61\/revisions"}],"predecessor-version":[{"id":132,"href":"https:\/\/www.agorahukuk.com.tr\/index.php\/wp-json\/wp\/v2\/pages\/61\/revisions\/132"}],"wp:attachment":[{"href":"https:\/\/www.agorahukuk.com.tr\/index.php\/wp-json\/wp\/v2\/media?parent=61"}],"curies":[{"name":"wp","href":"https:\/\/api.w.org\/{rel}","templated":true}]}}